{"id":1715,"date":"2025-10-08T19:43:30","date_gmt":"2025-10-08T19:43:30","guid":{"rendered":"https:\/\/laeugenia.com.ar\/?page_id=1715"},"modified":"2025-10-16T16:07:53","modified_gmt":"2025-10-16T16:07:53","slug":"blog","status":"publish","type":"page","link":"https:\/\/laeugenia.com.ar\/index.php\/blog\/","title":{"rendered":"Blog"},"content":{"rendered":"\t\t<div data-elementor-type=\"wp-page\" data-elementor-id=\"1715\" class=\"elementor elementor-1715\" data-elementor-post-type=\"page\">\n\t\t\t\t\t\t<section class=\"elementor-section elementor-top-section elementor-element elementor-element-a18f501 elementor-section-height-min-height elementor-section-items-bottom elementor-section-boxed elementor-section-height-default\" data-id=\"a18f501\" data-element_type=\"section\" data-e-type=\"section\" data-settings=\"{&quot;background_background&quot;:&quot;classic&quot;}\">\n\t\t\t\t\t\t\t<div class=\"elementor-background-overlay\"><\/div>\n\t\t\t\t\t\t\t<div class=\"elementor-container elementor-column-gap-default\">\n\t\t\t\t\t<div class=\"elementor-column elementor-col-100 elementor-top-column elementor-element elementor-element-58490eb\" data-id=\"58490eb\" data-element_type=\"column\" data-e-type=\"column\">\n\t\t\t<div class=\"elementor-widget-wrap elementor-element-populated\">\n\t\t\t\t\t\t<div class=\"elementor-element elementor-element-f12c5c3 elementor-widget elementor-widget-eael-breadcrumbs\" data-id=\"f12c5c3\" data-element_type=\"widget\" data-e-type=\"widget\" data-widget_type=\"eael-breadcrumbs.default\">\n\t\t\t\t<div class=\"elementor-widget-container\">\n\t\t\t\t\t\t\t<div class=\"eael-breadcrumbs\">\n\t\t\t<div class=\"eael-breadcrumbs__content\"><a href=\"https:\/\/laeugenia.com.ar\">Inicio<\/a> <span class=\"eael-breadcrumb-separator\">\/<\/span> <span class = \"eael-current\">P\u00e1gina<\/span><\/div>\t\t<\/div>\n\t\t\t\t\t\t<\/div>\n\t\t\t\t<\/div>\n\t\t\t\t<div class=\"elementor-element elementor-element-d2cb6d2 elementor-widget elementor-widget-heading\" data-id=\"d2cb6d2\" data-element_type=\"widget\" data-e-type=\"widget\" data-widget_type=\"heading.default\">\n\t\t\t\t\t<h2 class=\"elementor-heading-title elementor-size-default\">Nuestra Comunidad<\/h2>\t\t\t\t<\/div>\n\t\t\t\t\t<\/div>\n\t\t<\/div>\n\t\t\t\t\t<\/div>\n\t\t<\/section>\n\t\t\t\t<section class=\"elementor-section elementor-top-section elementor-element elementor-element-b315e9c elementor-section-boxed elementor-section-height-default elementor-section-height-default\" data-id=\"b315e9c\" data-element_type=\"section\" data-e-type=\"section\">\n\t\t\t\t\t\t<div class=\"elementor-container elementor-column-gap-default\">\n\t\t\t\t\t<div class=\"elementor-column elementor-col-100 elementor-top-column elementor-element elementor-element-b4a7165\" data-id=\"b4a7165\" data-element_type=\"column\" data-e-type=\"column\">\n\t\t\t<div class=\"elementor-widget-wrap elementor-element-populated\">\n\t\t\t\t\t\t<div class=\"elementor-element elementor-element-6fc67b0 elementor-grid-eael-col-3 elementor-grid-tablet-eael-col-2 elementor-grid-mobile-eael-col-1 elementor-widget elementor-widget-eael-post-grid\" data-id=\"6fc67b0\" data-element_type=\"widget\" data-e-type=\"widget\" data-settings=\"{&quot;eael_post_grid_columns&quot;:&quot;eael-col-3&quot;,&quot;eael_post_grid_columns_tablet&quot;:&quot;eael-col-2&quot;,&quot;eael_post_grid_columns_mobile&quot;:&quot;eael-col-1&quot;}\" data-widget_type=\"eael-post-grid.default\">\n\t\t\t\t\t<div id=\"eael-post-grid-6fc67b0\" class=\"eael-post-grid-container\">\n            <div class=\"eael-post-grid eael-post-appender eael-post-appender-6fc67b0 eael-post-grid-style-one\" data-layout-mode=\"grid\"><article class=\"eael-grid-post  eael-post-grid-column eael-pg-post-1945 category-blog\" data-id=\"1945\">\n        <div class=\"eael-grid-post-holder\">\n            <div class=\"eael-grid-post-holder-inner\"><div class=\"eael-entry-media\"><div class=\"eael-entry-overlay fade-in\"><i class=\"fas fa-long-arrow-alt-right\" aria-hidden=\"true\"><\/i><a href=\"https:\/\/laeugenia.com.ar\/index.php\/2026\/03\/06\/que-implica-reservar-un-lote-en-un-desarrollo-inmobiliario\/\"><\/a><\/div><div class=\"eael-entry-thumbnail \">\n                <img fetchpriority=\"high\" decoding=\"async\" width=\"1920\" height=\"2560\" src=\"https:\/\/laeugenia.com.ar\/wp-content\/uploads\/2025\/09\/IMG_20231104_140859797_HDR-scaled.jpg\" class=\"attachment-full size-full wp-image-1670\" alt=\"\" srcset=\"https:\/\/laeugenia.com.ar\/wp-content\/uploads\/2025\/09\/IMG_20231104_140859797_HDR-scaled.jpg 1920w, https:\/\/laeugenia.com.ar\/wp-content\/uploads\/2025\/09\/IMG_20231104_140859797_HDR-225x300.jpg 225w, https:\/\/laeugenia.com.ar\/wp-content\/uploads\/2025\/09\/IMG_20231104_140859797_HDR-768x1024.jpg 768w, https:\/\/laeugenia.com.ar\/wp-content\/uploads\/2025\/09\/IMG_20231104_140859797_HDR-1152x1536.jpg 1152w, https:\/\/laeugenia.com.ar\/wp-content\/uploads\/2025\/09\/IMG_20231104_140859797_HDR-1536x2048.jpg 1536w\" sizes=\"(max-width: 1920px) 100vw, 1920px\" \/>\n            <\/div>\n        <\/div><div class=\"eael-entry-wrapper\"><header class=\"eael-entry-header\"><h2 class=\"eael-entry-title\"><a class=\"eael-grid-post-link\" href=\"https:\/\/laeugenia.com.ar\/index.php\/2026\/03\/06\/que-implica-reservar-un-lote-en-un-desarrollo-inmobiliario\/\" title=\"Reservar un lote: gu\u00eda simple para entender el proceso.\">Reservar un lote: gu\u00eda simple para entender el proceso.<\/a><\/h2><\/header><div class=\"eael-entry-content\">\n                        <div class=\"eael-grid-post-excerpt\"><p>La reserva de un lote suele ser el primer paso...<\/p><a href=\"https:\/\/laeugenia.com.ar\/index.php\/2026\/03\/06\/que-implica-reservar-un-lote-en-un-desarrollo-inmobiliario\/\" class=\"eael-post-elements-readmore-btn\">Leer m\u00e1s<\/a><\/div>\n                    <\/div><\/div><\/div>\n        <\/div>\n    <\/article><article class=\"eael-grid-post  eael-post-grid-column eael-pg-post-1861 category-blog\" data-id=\"1861\">\n        <div class=\"eael-grid-post-holder\">\n            <div class=\"eael-grid-post-holder-inner\"><div class=\"eael-entry-media\"><div class=\"eael-entry-overlay fade-in\"><i class=\"fas fa-long-arrow-alt-right\" aria-hidden=\"true\"><\/i><a href=\"https:\/\/laeugenia.com.ar\/index.php\/2026\/02\/02\/que-significa-tomar-posesion-de-un-lote\/\"><\/a><\/div><div class=\"eael-entry-thumbnail \">\n                <img fetchpriority=\"high\" decoding=\"async\" width=\"1920\" height=\"2560\" src=\"https:\/\/laeugenia.com.ar\/wp-content\/uploads\/2025\/09\/IMG_20231104_140859797_HDR-scaled.jpg\" class=\"attachment-full size-full wp-image-1670\" alt=\"\" srcset=\"https:\/\/laeugenia.com.ar\/wp-content\/uploads\/2025\/09\/IMG_20231104_140859797_HDR-scaled.jpg 1920w, https:\/\/laeugenia.com.ar\/wp-content\/uploads\/2025\/09\/IMG_20231104_140859797_HDR-225x300.jpg 225w, https:\/\/laeugenia.com.ar\/wp-content\/uploads\/2025\/09\/IMG_20231104_140859797_HDR-768x1024.jpg 768w, https:\/\/laeugenia.com.ar\/wp-content\/uploads\/2025\/09\/IMG_20231104_140859797_HDR-1152x1536.jpg 1152w, https:\/\/laeugenia.com.ar\/wp-content\/uploads\/2025\/09\/IMG_20231104_140859797_HDR-1536x2048.jpg 1536w\" sizes=\"(max-width: 1920px) 100vw, 1920px\" \/>\n            <\/div>\n        <\/div><div class=\"eael-entry-wrapper\"><header class=\"eael-entry-header\"><h2 class=\"eael-entry-title\"><a class=\"eael-grid-post-link\" href=\"https:\/\/laeugenia.com.ar\/index.php\/2026\/02\/02\/que-significa-tomar-posesion-de-un-lote\/\" title=\"\u00bfQu\u00e9 significa tomar posesi\u00f3n de un lote?\">\u00bfQu\u00e9 significa tomar posesi\u00f3n de un lote?<\/a><\/h2><\/header><div class=\"eael-entry-content\">\n                        <div class=\"eael-grid-post-excerpt\"><p>La toma de posesi\u00f3n de un lote es uno de...<\/p><a href=\"https:\/\/laeugenia.com.ar\/index.php\/2026\/02\/02\/que-significa-tomar-posesion-de-un-lote\/\" class=\"eael-post-elements-readmore-btn\">Leer m\u00e1s<\/a><\/div>\n                    <\/div><\/div><\/div>\n        <\/div>\n    <\/article><article class=\"eael-grid-post  eael-post-grid-column eael-pg-post-1842 category-blog\" data-id=\"1842\">\n        <div class=\"eael-grid-post-holder\">\n            <div class=\"eael-grid-post-holder-inner\"><div class=\"eael-entry-media\"><div class=\"eael-entry-overlay fade-in\"><i class=\"fas fa-long-arrow-alt-right\" aria-hidden=\"true\"><\/i><a href=\"https:\/\/laeugenia.com.ar\/index.php\/2025\/12\/18\/por-que-elegir-carlos-spegazzini-para-vivir-o-invertir\/\"><\/a><\/div><div class=\"eael-entry-thumbnail \">\n                <img fetchpriority=\"high\" decoding=\"async\" width=\"1920\" height=\"2560\" src=\"https:\/\/laeugenia.com.ar\/wp-content\/uploads\/2025\/09\/IMG_20231104_140859797_HDR-scaled.jpg\" class=\"attachment-full size-full wp-image-1670\" alt=\"\" srcset=\"https:\/\/laeugenia.com.ar\/wp-content\/uploads\/2025\/09\/IMG_20231104_140859797_HDR-scaled.jpg 1920w, https:\/\/laeugenia.com.ar\/wp-content\/uploads\/2025\/09\/IMG_20231104_140859797_HDR-225x300.jpg 225w, https:\/\/laeugenia.com.ar\/wp-content\/uploads\/2025\/09\/IMG_20231104_140859797_HDR-768x1024.jpg 768w, https:\/\/laeugenia.com.ar\/wp-content\/uploads\/2025\/09\/IMG_20231104_140859797_HDR-1152x1536.jpg 1152w, https:\/\/laeugenia.com.ar\/wp-content\/uploads\/2025\/09\/IMG_20231104_140859797_HDR-1536x2048.jpg 1536w\" sizes=\"(max-width: 1920px) 100vw, 1920px\" \/>\n            <\/div>\n        <\/div><div class=\"eael-entry-wrapper\"><header class=\"eael-entry-header\"><h2 class=\"eael-entry-title\"><a class=\"eael-grid-post-link\" href=\"https:\/\/laeugenia.com.ar\/index.php\/2025\/12\/18\/por-que-elegir-carlos-spegazzini-para-vivir-o-invertir\/\" title=\"Por qu\u00e9 elegir Carlos Spegazzini para vivir o invertir.\">Por qu\u00e9 elegir Carlos Spegazzini para vivir o invertir.<\/a><\/h2><\/header><div class=\"eael-entry-content\">\n                        <div class=\"eael-grid-post-excerpt\"><p>La ubicaci\u00f3n lo es todo en el mundo inmobiliario. Carlos...<\/p><a href=\"https:\/\/laeugenia.com.ar\/index.php\/2025\/12\/18\/por-que-elegir-carlos-spegazzini-para-vivir-o-invertir\/\" class=\"eael-post-elements-readmore-btn\">Leer m\u00e1s<\/a><\/div>\n                    <\/div><\/div><\/div>\n        <\/div>\n    <\/article><article class=\"eael-grid-post  eael-post-grid-column eael-pg-post-1835 category-blog\" data-id=\"1835\">\n        <div class=\"eael-grid-post-holder\">\n            <div class=\"eael-grid-post-holder-inner\"><div class=\"eael-entry-media\"><div class=\"eael-entry-overlay fade-in\"><i class=\"fas fa-long-arrow-alt-right\" aria-hidden=\"true\"><\/i><a href=\"https:\/\/laeugenia.com.ar\/index.php\/2025\/12\/04\/construye-la-casa-de-tus-suenos-sin-limites-la-flexibilidad-y-servicios-que-te-ofrece-la-eugenia\/\"><\/a><\/div><div class=\"eael-entry-thumbnail \">\n                <img fetchpriority=\"high\" decoding=\"async\" width=\"1920\" height=\"2560\" src=\"https:\/\/laeugenia.com.ar\/wp-content\/uploads\/2025\/09\/IMG_20231104_140859797_HDR-scaled.jpg\" class=\"attachment-full size-full wp-image-1670\" alt=\"\" srcset=\"https:\/\/laeugenia.com.ar\/wp-content\/uploads\/2025\/09\/IMG_20231104_140859797_HDR-scaled.jpg 1920w, https:\/\/laeugenia.com.ar\/wp-content\/uploads\/2025\/09\/IMG_20231104_140859797_HDR-225x300.jpg 225w, https:\/\/laeugenia.com.ar\/wp-content\/uploads\/2025\/09\/IMG_20231104_140859797_HDR-768x1024.jpg 768w, https:\/\/laeugenia.com.ar\/wp-content\/uploads\/2025\/09\/IMG_20231104_140859797_HDR-1152x1536.jpg 1152w, https:\/\/laeugenia.com.ar\/wp-content\/uploads\/2025\/09\/IMG_20231104_140859797_HDR-1536x2048.jpg 1536w\" sizes=\"(max-width: 1920px) 100vw, 1920px\" \/>\n            <\/div>\n        <\/div><div class=\"eael-entry-wrapper\"><header class=\"eael-entry-header\"><h2 class=\"eael-entry-title\"><a class=\"eael-grid-post-link\" href=\"https:\/\/laeugenia.com.ar\/index.php\/2025\/12\/04\/construye-la-casa-de-tus-suenos-sin-limites-la-flexibilidad-y-servicios-que-te-ofrece-la-eugenia\/\" title=\"Construye la CASA de tus sue\u00f1os sin l\u00edmites: La flexibilidad y servicios que te ofrece La Eugenia.\">Construye la CASA de tus sue\u00f1os sin l\u00edmites: La flexibilidad y servicios que te ofrece La Eugenia.<\/a><\/h2><\/header><div class=\"eael-entry-content\">\n                        <div class=\"eael-grid-post-excerpt\"><p>Comprar una casa ya construida implica adaptarse a planos que...<\/p><a href=\"https:\/\/laeugenia.com.ar\/index.php\/2025\/12\/04\/construye-la-casa-de-tus-suenos-sin-limites-la-flexibilidad-y-servicios-que-te-ofrece-la-eugenia\/\" class=\"eael-post-elements-readmore-btn\">Leer m\u00e1s<\/a><\/div>\n                    <\/div><\/div><\/div>\n        <\/div>\n    <\/article><\/div>\n            <div class=\"clearfix\"><\/div>\n        <\/div>            <div class=\"eael-load-more-button-wrap\">\n                <button class=\"eael-load-more-button\" id=\"eael-load-more-btn-6fc67b0\" data-widget-id=\"6fc67b0\" data-widget=\"6fc67b0\" data-page-id=\"1715\" data-template=\"{&quot;dir&quot;:&quot;lite&quot;,&quot;file_name&quot;:&quot;one.php&quot;,&quot;name&quot;:&quot;Post-Grid&quot;}\" data-class=\"Essential_Addons_Elementor\\Elements\\Post_Grid\" data-layout=\"grid\" data-page=\"1\" data-args=\"orderby=date&amp;order=desc&amp;ignore_sticky_posts=1&amp;post_status=publish&amp;posts_per_page=4&amp;offset=0&amp;post_type=post\" data-max-page=\"3\">\n                    <span class=\"eael-btn-loader button__loader\"><\/span>\n                    <span class=\"eael_load_more_text\">Cargar m\u00e1s<\/span>\n                <\/button>\n            <\/div>\n            \t\t\t\t<\/div>\n\t\t\t\t\t<\/div>\n\t\t<\/div>\n\t\t\t\t\t<\/div>\n\t\t<\/section>\n\t\t\t\t<\/div>\n\t\t","protected":false},"excerpt":{"rendered":"<p>Inicio \/ P\u00e1gina Nuestra Comunidad 5 motivos para elegir La Eugenia by Moradas como tu pr\u00f3ximo hogar Cuando pensamos en d\u00f3nde vivir, no solo buscamos un lugar&#8230; Leer m\u00e1s<\/p>\n","protected":false},"author":1,"featured_media":0,"parent":0,"menu_order":0,"comment_status":"closed","ping_status":"closed","template":"","meta":{"om_disable_all_campaigns":false,"_joinchat":[],"footnotes":""},"class_list":["post-1715","page","type-page","status-publish","hentry"],"aioseo_notices":[],"_links":{"self":[{"href":"https:\/\/laeugenia.com.ar\/index.php\/wp-json\/wp\/v2\/pages\/1715","targetHints":{"allow":["GET"]}}],"collection":[{"href":"https:\/\/laeugenia.com.ar\/index.php\/wp-json\/wp\/v2\/pages"}],"about":[{"href":"https:\/\/laeugenia.com.ar\/index.php\/wp-json\/wp\/v2\/types\/page"}],"author":[{"embeddable":true,"href":"https:\/\/laeugenia.com.ar\/index.php\/wp-json\/wp\/v2\/users\/1"}],"replies":[{"embeddable":true,"href":"https:\/\/laeugenia.com.ar\/index.php\/wp-json\/wp\/v2\/comments?post=1715"}],"version-history":[{"count":22,"href":"https:\/\/laeugenia.com.ar\/index.php\/wp-json\/wp\/v2\/pages\/1715\/revisions"}],"predecessor-version":[{"id":1757,"href":"https:\/\/laeugenia.com.ar\/index.php\/wp-json\/wp\/v2\/pages\/1715\/revisions\/1757"}],"wp:attachment":[{"href":"https:\/\/laeugenia.com.ar\/index.php\/wp-json\/wp\/v2\/media?parent=1715"}],"curies":[{"name":"wp","href":"https:\/\/api.w.org\/{rel}","templated":true}]}}